{"id":147,"date":"2024-10-25T10:47:46","date_gmt":"2024-10-25T10:47:46","guid":{"rendered":"https:\/\/sabinealbiach.com\/?page_id=147"},"modified":"2024-10-25T10:47:49","modified_gmt":"2024-10-25T10:47:49","slug":"politica-de-cookies","status":"publish","type":"page","link":"https:\/\/sabinealbiach.com\/en\/politica-de-cookies\/","title":{"rendered":"Pol\u00edtica de cookies"},"content":{"rendered":"<div id=\"fws_69f1dba525537\"  data-column-margin=\"default\" data-midnight=\"dark\" data-top-percent=\"8%\" data-bottom-percent=\"6%\"  class=\"wpb_row vc_row-fluid vc_row\"  style=\"padding-top: calc(100vw * 0.08); padding-bottom: calc(100vw * 0.06); \"><div class=\"row-bg-wrap\" data-bg-animation=\"none\" data-bg-animation-delay=\"\" data-bg-overlay=\"false\"><div class=\"inner-wrap row-bg-layer\" ><div class=\"row-bg viewport-desktop\"  style=\"\"><\/div><\/div><\/div><div class=\"row_col_wrap_12 col span_12 dark left\">\n\t<div  class=\"vc_col-sm-12 wpb_column column_container vc_column_container col no-extra-padding inherit_tablet inherit_phone\"  data-padding-pos=\"all\" data-has-bg-color=\"false\" data-bg-color=\"\" data-bg-opacity=\"1\" data-animation=\"\" data-delay=\"0\" >\n\t\t<div class=\"vc_column-inner\" >\n\t\t\t<div class=\"wpb_wrapper\">\n\t\t\t\t\n<div class=\"wpb_text_column wpb_content_element\" >\n\t<div class=\"wpb_wrapper\">\n\t\t<h1 style=\"text-align: center;\">Escuela de Danza Sabine Albiach<\/h1>\n<p>&nbsp;<\/p>\n<h2 style=\"text-align: center;\">POL\u00cdTICA DE COOKIES<\/h2>\n<p>INFORMACI\u00d3N DE COOKIES:<br \/>\nLas cookies son archivos que se pueden descargar en su equipo a trav\u00e9s de las p\u00e1ginas web. Son herramientas que tienen un papel esencial para la prestaci\u00f3n de numerosos servicios de la sociedad de la informaci\u00f3n. Entre otros, permiten a una p\u00e1gina web almacenar y recuperar informaci\u00f3n sobre los h\u00e1bitos de navegaci\u00f3n de un usuario o de su equipo y, dependiendo de la informaci\u00f3n obtenida, se pueden utilizar para reconocer al usuario y mejorar el servicio ofrecido.<\/p>\n<p>TIPOS DE COOKIES:<br \/>\nSeg\u00fan quien sea la entidad que gestione el dominio desde donde se env\u00edan las cookies y trate los datos que se obtengan se pueden distinguir dos tipos: cookies propias y cookies de terceros.<br \/>\nExiste tambi\u00e9n una segunda clasificaci\u00f3n seg\u00fan el plazo de tiempo que permanecen almacenadas en el navegador del cliente, pudiendo tratarse de cookies de sesi\u00f3n o cookies persistentes.<br \/>\nPor \u00faltimo, existe otra clasificaci\u00f3n con cinco tipos de cookies seg\u00fan la finalidad para la que se traten los datos obtenidos: cookies t\u00e9cnicas, cookies de personalizaci\u00f3n, cookies de an\u00e1lisis, cookies publicitarias y cookies de publicidad comportamental.<\/p>\n<p>COOKIES UTILIZADAS EN LA WEB:<br \/>\nA continuaci\u00f3n se identifican las cookies que est\u00e1n siendo utilizadas en este portal as\u00ed como su tipolog\u00eda y funci\u00f3n:<br \/>\nTIPO DE COOKIE<br \/>\nFINALIDAD<br \/>\nDURACI\u00d3N<br \/>\nTERCEROS<\/p>\n<table>\n<tbody>\n<tr>\n<td colspan=\"4\">COOKIES PROPIAS<\/td>\n<\/tr>\n<tr>\n<td><b>DOMINIO<\/b><\/td>\n<td><b>NOMBRE<\/b><\/td>\n<td><b>FINALIDAD<\/b><\/td>\n<td><b>DURACION<\/b><\/td>\n<\/tr>\n<tr>\n<td>sabinealbiach.com(Google Analytics)<\/td>\n<td>_ga<\/td>\n<td rowspan=\"2\">Permite distinguir usuarios<\/td>\n<td>2 a\u00f1os<\/td>\n<\/tr>\n<tr>\n<td>sabinealbiach.com(Google Analytics)<\/td>\n<td>_gid<\/td>\n<td>Sesi\u00f3n<\/td>\n<\/tr>\n<tr>\n<td>sabinealbiach.com(Google Analytics)<\/td>\n<td>_gat_gtag_UA_<\/td>\n<td>Limita solicitudes<\/td>\n<td>Sesi\u00f3n<\/td>\n<\/tr>\n<tr>\n<td>sabinealbiach.com\/(Google Analytics)<\/td>\n<td>cookie_notice_accepted<\/td>\n<td>Recuerda si el usuario ha aceptado o no las cookies<\/td>\n<td>1 mes<\/td>\n<\/tr>\n<tr>\n<td colspan=\"4\">COOKIES DE TERCEROS<\/td>\n<\/tr>\n<tr>\n<td>DOMINIO<\/td>\n<td>NOMBRE<\/td>\n<td>FINALIDAD<\/td>\n<td>DURACION<\/td>\n<\/tr>\n<tr>\n<td><\/td>\n<td><\/td>\n<td><\/td>\n<td><\/td>\n<\/tr>\n<tr>\n<td><\/td>\n<td><\/td>\n<td><\/td>\n<td><\/td>\n<\/tr>\n<tr>\n<td><\/td>\n<td><\/td>\n<td><\/td>\n<td><\/td>\n<\/tr>\n<\/tbody>\n<\/table>\n<p><span style=\"color: #333333;\">Por otra parte, respecto a los complementos de entidades externas (como por<\/span><\/p>\n<p>C\u00d3MO MODIFICAR LA CONFIGURACI\u00d3N DE LAS COOKIES:<br \/>\nUsted puede restringir, bloquear o borrar las cookies de este sitio o cualquier otra p\u00e1gina web, utilizando su navegador. En cada navegador la operativa diferente, la funci\u00f3n de Ayuda le mostrar\u00e1 c\u00f3mo hacerlo.<br \/>\nInternet Explorer: http:\/\/windows.microsoft.com\/es-xl\/internet-explorer\/delete-manage-cookies#ie=\u00bbie-10&#8243;<br \/>\nFireFox: https:\/\/support.mozilla.org\/es\/kb\/Borrar%20cookies<br \/>\nChrome: https:\/\/support.google.com\/chrome\/answer\/95647?hl=\u00bbes\u00bb<\/p>\n\t<\/div>\n<\/div>\n\n\n\n\n\t\t\t<\/div> \n\t\t<\/div>\n\t<\/div> \n<\/div><\/div>","protected":false},"excerpt":{"rendered":"Escuela de Danza Sabine Albiach &nbsp; POL\u00cdTICA DE COOKIES INFORMACI\u00d3N DE COOKIES: Las cookies son archivos que se pueden descargar en su equipo a trav\u00e9s de las p\u00e1ginas web. Son...","protected":false},"author":1,"featured_media":0,"parent":0,"menu_order":0,"comment_status":"closed","ping_status":"closed","template":"","meta":{"footnotes":""},"class_list":["post-147","page","type-page","status-publish"],"_links":{"self":[{"href":"https:\/\/sabinealbiach.com\/en\/wp-json\/wp\/v2\/pages\/147","targetHints":{"allow":["GET"]}}],"collection":[{"href":"https:\/\/sabinealbiach.com\/en\/wp-json\/wp\/v2\/pages"}],"about":[{"href":"https:\/\/sabinealbiach.com\/en\/wp-json\/wp\/v2\/types\/page"}],"author":[{"embeddable":true,"href":"https:\/\/sabinealbiach.com\/en\/wp-json\/wp\/v2\/users\/1"}],"replies":[{"embeddable":true,"href":"https:\/\/sabinealbiach.com\/en\/wp-json\/wp\/v2\/comments?post=147"}],"version-history":[{"count":2,"href":"https:\/\/sabinealbiach.com\/en\/wp-json\/wp\/v2\/pages\/147\/revisions"}],"predecessor-version":[{"id":149,"href":"https:\/\/sabinealbiach.com\/en\/wp-json\/wp\/v2\/pages\/147\/revisions\/149"}],"wp:attachment":[{"href":"https:\/\/sabinealbiach.com\/en\/wp-json\/wp\/v2\/media?parent=147"}],"curies":[{"name":"wp","href":"https:\/\/api.w.org\/{rel}","templated":true}]}}