{"id":136,"date":"2024-10-25T10:35:31","date_gmt":"2024-10-25T10:35:31","guid":{"rendered":"https:\/\/sabinealbiach.com\/?page_id=136"},"modified":"2024-10-25T10:37:10","modified_gmt":"2024-10-25T10:37:10","slug":"aviso-legal","status":"publish","type":"page","link":"https:\/\/sabinealbiach.com\/en\/aviso-legal\/","title":{"rendered":"Aviso legal"},"content":{"rendered":"<div id=\"fws_69f1eee8f13a7\"  data-column-margin=\"default\" data-midnight=\"dark\" data-top-percent=\"8%\" data-bottom-percent=\"6%\"  class=\"wpb_row vc_row-fluid vc_row\"  style=\"padding-top: calc(100vw * 0.08); padding-bottom: calc(100vw * 0.06); \"><div class=\"row-bg-wrap\" data-bg-animation=\"none\" data-bg-animation-delay=\"\" data-bg-overlay=\"false\"><div class=\"inner-wrap row-bg-layer\" ><div class=\"row-bg viewport-desktop\"  style=\"\"><\/div><\/div><\/div><div class=\"row_col_wrap_12 col span_12 dark left\">\n\t<div  class=\"vc_col-sm-12 wpb_column column_container vc_column_container col no-extra-padding inherit_tablet inherit_phone\"  data-padding-pos=\"all\" data-has-bg-color=\"false\" data-bg-color=\"\" data-bg-opacity=\"1\" data-animation=\"\" data-delay=\"0\" >\n\t\t<div class=\"vc_column-inner\" >\n\t\t\t<div class=\"wpb_wrapper\">\n\t\t\t\t\n<div class=\"wpb_text_column wpb_content_element\" >\n\t<div class=\"wpb_wrapper\">\n\t\t<h1 style=\"text-align: center;\">Escuela de Danza Sabine Albiach<\/h1>\n<p>&nbsp;<\/p>\n<h2 style=\"text-align: center;\">Aviso legal<\/h2>\n<p>&nbsp;<\/p>\n<p>El responsable de esta p\u00e1gina web es: SABINE ALBIACH STRAUBER, con C.I.F. 44512138P y domicilio social en C\/ Ingeniero Jos\u00e9 Sirera, 4 Bajo,46017, Valencia (VALENCIA).<\/p>\n<p>Tambi\u00e9n puedes contactar con nosotros a trav\u00e9s del n\u00famero de tel\u00e9fono N\u00ba 633 48 23 54 o a trav\u00e9s de la siguiente direcci\u00f3n de e-mail: info@sabinealbiach.com<\/p>\n<p>Propiedad Intelectual e Industrial<br \/>\nEl dise\u00f1o de este sitio web y sus c\u00f3digos fuente, as\u00ed como los logos, marcas y dem\u00e1s signos distintivos que aparecen en el mismo pertenecen a SABINE ALBIACH STRAUBER y est\u00e1n protegidos por los correspondientes derechos de propiedad intelectual e industrial.<\/p>\n<p>Responsabilidad de los contenidos<br \/>\nSABINE ALBIACH STRAUBER no se hace responsable de la legalidad de otros sitios web de terceros desde los que pueda accederse a esta web. SABINE ALBIACH STRAUBER tampoco responde por la legalidad de otros sitios web de terceros, que pudieran estar vinculados o enlazados desde esta web.<br \/>\nSABINE ALBIACH STRAUBER se reserva el derecho a realizar cambios en el sitio web sin previo aviso, al objeto de mantener actualizada su informaci\u00f3n, a\u00f1adiendo, modificando, corrigiendo o eliminando los contenidos publicados o el dise\u00f1o del portal.<br \/>\nSABINE ALBIACH STRAUBER no ser\u00e1 responsable del uso que terceros hagan de la informaci\u00f3n publicada en el portal, ni tampoco de los da\u00f1os sufridos o p\u00e9rdidas econ\u00f3micas que, de forma directa o indirecta, produzcan o puedan producir perjuicios econ\u00f3micos, materiales o sobre datos, provocados por el uso de dicha informaci\u00f3n.<\/p>\n<p>Reproducci\u00f3n de contenidos<br \/>\nSe proh\u00edbe la reproducci\u00f3n total o parcial de los contenidos publicados en esta web sin la autorizaci\u00f3n previa y por escrito de SABINE ALBIACH STRAUBER.<\/p>\n<p>Toda la informaci\u00f3n relativa a privacidad, la tienes en nuestra Pol\u00edtica de Privacidad.<\/p>\n\t<\/div>\n<\/div>\n\n\n\n\n\t\t\t<\/div> \n\t\t<\/div>\n\t<\/div> \n<\/div><\/div>","protected":false},"excerpt":{"rendered":"Escuela de Danza Sabine Albiach &nbsp; Aviso legal &nbsp; El responsable de esta p\u00e1gina web es: SABINE ALBIACH STRAUBER, con C.I.F. 44512138P y domicilio social en C\/ Ingeniero Jos\u00e9 Sirera,...","protected":false},"author":1,"featured_media":0,"parent":0,"menu_order":0,"comment_status":"closed","ping_status":"closed","template":"","meta":{"footnotes":""},"class_list":["post-136","page","type-page","status-publish"],"_links":{"self":[{"href":"https:\/\/sabinealbiach.com\/en\/wp-json\/wp\/v2\/pages\/136","targetHints":{"allow":["GET"]}}],"collection":[{"href":"https:\/\/sabinealbiach.com\/en\/wp-json\/wp\/v2\/pages"}],"about":[{"href":"https:\/\/sabinealbiach.com\/en\/wp-json\/wp\/v2\/types\/page"}],"author":[{"embeddable":true,"href":"https:\/\/sabinealbiach.com\/en\/wp-json\/wp\/v2\/users\/1"}],"replies":[{"embeddable":true,"href":"https:\/\/sabinealbiach.com\/en\/wp-json\/wp\/v2\/comments?post=136"}],"version-history":[{"count":5,"href":"https:\/\/sabinealbiach.com\/en\/wp-json\/wp\/v2\/pages\/136\/revisions"}],"predecessor-version":[{"id":141,"href":"https:\/\/sabinealbiach.com\/en\/wp-json\/wp\/v2\/pages\/136\/revisions\/141"}],"wp:attachment":[{"href":"https:\/\/sabinealbiach.com\/en\/wp-json\/wp\/v2\/media?parent=136"}],"curies":[{"name":"wp","href":"https:\/\/api.w.org\/{rel}","templated":true}]}}